{"id":6054,"date":"2020-12-08T03:54:06","date_gmt":"2020-12-08T02:54:06","guid":{"rendered":"https:\/\/fanfunding.be\/news\/"},"modified":"2025-05-06T22:29:52","modified_gmt":"2025-05-06T20:29:52","slug":"news","status":"publish","type":"page","link":"https:\/\/fanfunding.be\/nl\/news\/","title":{"rendered":"News"},"content":{"rendered":"\t\t<div data-elementor-type=\"wp-page\" data-elementor-id=\"6054\" class=\"elementor elementor-6054 elementor-25\" data-elementor-post-type=\"page\">\n\t\t\t\t\t\t<section class=\"elementor-section elementor-top-section elementor-element elementor-element-59f29e4 elementor-section-full_width elementor-section-height-default elementor-section-height-default\" data-id=\"59f29e4\" data-element_type=\"section\">\n\t\t\t\t\t\t<div class=\"elementor-container elementor-column-gap-default\">\n\t\t\t\t\t<div class=\"elementor-column elementor-col-100 elementor-top-column elementor-element elementor-element-6754167\" data-id=\"6754167\" data-element_type=\"column\">\n\t\t\t<div class=\"elementor-widget-wrap elementor-element-populated\">\n\t\t\t\t\t\t<div class=\"elementor-element elementor-element-458306b elementor-widget elementor-widget-gva_post_breadcrumb\" data-id=\"458306b\" data-element_type=\"widget\" data-widget_type=\"gva_post_breadcrumb.default\">\n\t\t\t\t<div class=\"elementor-widget-container\">\n\t\t\t\t\t<div class=\"gva-element-gva_post_breadcrumb gva-element\">   \r\n<div class=\"post-breadcrumb\">\r\n   <div class=\"custom-breadcrumb \" >\r\n            <div class=\"breadcrumb-main\">\r\n        <div class=\"container\">\r\n          <div class=\"breadcrumb-container-inner\">\r\n            <h2 class=\"heading-title\">News<\/h2><ol class=\"breadcrumb\"><li><a href=\"https:\/\/fanfunding.be\/nl\/\">Home<\/a> <\/li> <li class=\"active\">Pagina<\/li><\/ol>          <\/div>  \r\n        <\/div>   \r\n      <\/div>  \r\n   <\/div>\r\n<\/div>      \r\n\r\n<\/div>\t\t\t\t<\/div>\n\t\t\t\t<\/div>\n\t\t\t\t\t<\/div>\n\t\t<\/div>\n\t\t\t\t\t<\/div>\n\t\t<\/section>\n\t\t\t\t<section class=\"elementor-section elementor-top-section elementor-element elementor-element-1fbe8dbc elementor-section-boxed elementor-section-height-default elementor-section-height-default\" data-id=\"1fbe8dbc\" data-element_type=\"section\">\n\t\t\t\t\t\t<div class=\"elementor-container elementor-column-gap-default\">\n\t\t\t\t\t<div class=\"elementor-column elementor-col-100 elementor-top-column elementor-element elementor-element-505d4390\" data-id=\"505d4390\" data-element_type=\"column\">\n\t\t\t<div class=\"elementor-widget-wrap elementor-element-populated\">\n\t\t\t\t\t\t<div class=\"elementor-element elementor-element-962a554 elementor-widget elementor-widget-gva-posts\" data-id=\"962a554\" data-element_type=\"widget\" data-widget_type=\"gva-posts.default\">\n\t\t\t\t<div class=\"elementor-widget-container\">\n\t\t\t\t\t<div class=\"gva-element-gva-posts gva-element\">  \r\n  <div class=\"gva-posts-grid clearfix gva-posts\">\r\n\t\t<div class=\"gva-content-items\"> \r\n\t\t  <div class=\"lg-block-grid-3 md-block-grid-3 sm-block-grid-2 xs-block-grid-2 xx-block-grid-1\">\r\n\t\t\t <div class=\"item-columns\">\r\n   <article id=\"post-6879\" class=\"post post-style-1 post-6879 type-post status-publish format-standard has-post-thumbnail hentry category-actualites\">\r\n      \r\n               <div class=\"post-thumbnail\">\r\n            <a href=\"https:\/\/fanfunding.be\/nl\/fanfunding-accueille-le-royal-oree-hockey-club-une-nouvelle-dynamique-pour-financer-les-projets-du-club\/\">\r\n               <img fetchpriority=\"high\" decoding=\"async\" width=\"600\" height=\"590\" src=\"https:\/\/fanfunding.be\/wp-content\/uploads\/2026\/01\/OREEU141-EHL2026-600x590.jpg\" class=\"attachment-funden_medium size-funden_medium wp-post-image\" alt=\"FanFunding accueille le Royal Or\u00e9e Hockey Club : une nouvelle dynamique pour financer les projets du club\" \/>            <\/a>\r\n                           <div class=\"entry-date\">\r\n                  <span class=\"date\">27<\/span>\r\n                  <span class=\"month\">jan<\/span>\r\n               <\/div>\r\n                     <\/div>   \r\n         \r\n\r\n      <div class=\"entry-content has-thumbnail\">\r\n         <div class=\"content-inner\">\r\n            <div class=\"entry-meta\">\r\n               <div class=\"clearfix meta-inline post-meta-1\"><span class=\"author vcard\"><i class=\"far fa-user-circle\"><\/i>admin<\/span><\/div>            <\/div> \r\n            <h3 class=\"entry-title\"><a href=\"https:\/\/fanfunding.be\/nl\/fanfunding-accueille-le-royal-oree-hockey-club-une-nouvelle-dynamique-pour-financer-les-projets-du-club\/\" rel=\"bookmark\">FanFunding accueille le Royal Or\u00e9e Hockey Club : une nouvelle dynamique pour financer les projets du club<\/a><\/h3>\r\n                           <div class=\"entry-desc\">\r\n                  FanFunding est heureux d\u2019annoncer l\u2019arriv\u00e9e du Royal Or\u00e9e Hockey Club parmi les clubs qui activent               <\/div>   \r\n                        <div class=\"read-more\">\r\n               <a class=\"btn-inline\" href=\"https:\/\/fanfunding.be\/nl\/fanfunding-accueille-le-royal-oree-hockey-club-une-nouvelle-dynamique-pour-financer-les-projets-du-club\/\">Read more<\/a>\r\n            <\/div>\r\n         <\/div>\r\n\r\n      <\/div>\r\n   <\/article>   \r\n\r\n  <\/div><div class=\"item-columns\">\r\n   <article id=\"post-6235\" class=\"post post-style-1 post-6235 type-post status-publish format-standard has-post-thumbnail hentry category-nieuws\">\r\n      \r\n               <div class=\"post-thumbnail\">\r\n            <a href=\"https:\/\/fanfunding.be\/nl\/fanfunding-revolutionne-le-financement-des-clubs-avec-un-service-de-billetterie-integre\/\">\r\n               <img decoding=\"async\" width=\"600\" height=\"590\" src=\"https:\/\/fanfunding.be\/wp-content\/uploads\/2025\/03\/vip-ticket-600x590.jpg\" class=\"attachment-funden_medium size-funden_medium wp-post-image\" alt=\"FanFunding brengt een revolutie teweeg in de financiering van clubs met een ge\u00efntegreerde ticketingdienst\" \/>            <\/a>\r\n                           <div class=\"entry-date\">\r\n                  <span class=\"date\">11<\/span>\r\n                  <span class=\"month\">mrt<\/span>\r\n               <\/div>\r\n                     <\/div>   \r\n         \r\n\r\n      <div class=\"entry-content has-thumbnail\">\r\n         <div class=\"content-inner\">\r\n            <div class=\"entry-meta\">\r\n               <div class=\"clearfix meta-inline post-meta-1\"><span class=\"author vcard\"><i class=\"far fa-user-circle\"><\/i>Team FanFunding<\/span><\/div>            <\/div> \r\n            <h3 class=\"entry-title\"><a href=\"https:\/\/fanfunding.be\/nl\/fanfunding-revolutionne-le-financement-des-clubs-avec-un-service-de-billetterie-integre\/\" rel=\"bookmark\">FanFunding brengt een revolutie teweeg in de financiering van clubs met een ge\u00efntegreerde ticketingdienst<\/a><\/h3>\r\n                           <div class=\"entry-desc\">\r\n                  In de sportwereld is de betrokkenheid van fans een belangrijke motor voor clubsucces. Met FanFunding               <\/div>   \r\n                        <div class=\"read-more\">\r\n               <a class=\"btn-inline\" href=\"https:\/\/fanfunding.be\/nl\/fanfunding-revolutionne-le-financement-des-clubs-avec-un-service-de-billetterie-integre\/\">Read more<\/a>\r\n            <\/div>\r\n         <\/div>\r\n\r\n      <\/div>\r\n   <\/article>   \r\n\r\n  <\/div><div class=\"item-columns\">\r\n   <article id=\"post-6238\" class=\"post post-style-1 post-6238 type-post status-publish format-standard has-post-thumbnail hentry category-nieuws\">\r\n      \r\n               <div class=\"post-thumbnail\">\r\n            <a href=\"https:\/\/fanfunding.be\/nl\/fanfunding-verwelkomt-royal-leopold-club-een-nieuw-tijdperk-voor-sportieve-crowdfunding\/\">\r\n               <img decoding=\"async\" width=\"600\" height=\"590\" src=\"https:\/\/fanfunding.be\/wp-content\/uploads\/2020\/12\/rlc-600x590.jpg\" class=\"attachment-funden_medium size-funden_medium wp-post-image\" alt=\"FanFunding verwelkomt Royal L\u00e9opold Club: Een nieuw tijdperk voor sportieve crowdfunding\" \/>            <\/a>\r\n                           <div class=\"entry-date\">\r\n                  <span class=\"date\">08<\/span>\r\n                  <span class=\"month\">dec<\/span>\r\n               <\/div>\r\n                     <\/div>   \r\n         \r\n\r\n      <div class=\"entry-content has-thumbnail\">\r\n         <div class=\"content-inner\">\r\n            <div class=\"entry-meta\">\r\n               <div class=\"clearfix meta-inline post-meta-1\"><span class=\"author vcard\"><i class=\"far fa-user-circle\"><\/i>admin<\/span><\/div>            <\/div> \r\n            <h3 class=\"entry-title\"><a href=\"https:\/\/fanfunding.be\/nl\/fanfunding-verwelkomt-royal-leopold-club-een-nieuw-tijdperk-voor-sportieve-crowdfunding\/\" rel=\"bookmark\">FanFunding verwelkomt Royal L\u00e9opold Club: Een nieuw tijdperk voor sportieve crowdfunding<\/a><\/h3>\r\n                           <div class=\"entry-desc\">\r\n                  FanFunding, het innovatieve platform waarmee supporters rechtstreeks de wedstrijden van hun favoriete team kunnen financieren,               <\/div>   \r\n                        <div class=\"read-more\">\r\n               <a class=\"btn-inline\" href=\"https:\/\/fanfunding.be\/nl\/fanfunding-verwelkomt-royal-leopold-club-een-nieuw-tijdperk-voor-sportieve-crowdfunding\/\">Read more<\/a>\r\n            <\/div>\r\n         <\/div>\r\n\r\n      <\/div>\r\n   <\/article>   \r\n\r\n  <\/div><div class=\"item-columns\">\r\n   <article id=\"post-6240\" class=\"post post-style-1 post-6240 type-post status-publish format-standard has-post-thumbnail hentry category-nieuws\">\r\n      \r\n               <div class=\"post-thumbnail\">\r\n            <a href=\"https:\/\/fanfunding.be\/nl\/fanfunding-innoveert-binnenkort-een-officiele-clubshop\/\">\r\n               <img loading=\"lazy\" decoding=\"async\" width=\"600\" height=\"590\" src=\"https:\/\/fanfunding.be\/wp-content\/uploads\/2025\/01\/fan2-600x590.jpg\" class=\"attachment-funden_medium size-funden_medium wp-post-image\" alt=\"FanFunding innoveert: binnenkort een offici\u00eble clubshop!\" \/>            <\/a>\r\n                           <div class=\"entry-date\">\r\n                  <span class=\"date\">08<\/span>\r\n                  <span class=\"month\">dec<\/span>\r\n               <\/div>\r\n                     <\/div>   \r\n         \r\n\r\n      <div class=\"entry-content has-thumbnail\">\r\n         <div class=\"content-inner\">\r\n            <div class=\"entry-meta\">\r\n               <div class=\"clearfix meta-inline post-meta-1\"><span class=\"author vcard\"><i class=\"far fa-user-circle\"><\/i>admin<\/span><\/div>            <\/div> \r\n            <h3 class=\"entry-title\"><a href=\"https:\/\/fanfunding.be\/nl\/fanfunding-innoveert-binnenkort-een-officiele-clubshop\/\" rel=\"bookmark\">FanFunding innoveert: binnenkort een offici\u00eble clubshop!<\/a><\/h3>\r\n                           <div class=\"entry-desc\">\r\n                  FanFunding blijft zich ontwikkelen om clubs en hun supporters steeds meer mogelijkheden te bieden. Binnenkort               <\/div>   \r\n                        <div class=\"read-more\">\r\n               <a class=\"btn-inline\" href=\"https:\/\/fanfunding.be\/nl\/fanfunding-innoveert-binnenkort-een-officiele-clubshop\/\">Read more<\/a>\r\n            <\/div>\r\n         <\/div>\r\n\r\n      <\/div>\r\n   <\/article>   \r\n\r\n  <\/div>\t\t  <\/div>\r\n\t\t<\/div>\r\n\t\t\t\t\t <div class=\"pagination\">\r\n\t\t\t\t  \t\t\t <\/div>\r\n\t\t  <\/div>\r\n  <\/div>\t\t\t\t<\/div>\n\t\t\t\t<\/div>\n\t\t\t\t\t<\/div>\n\t\t<\/div>\n\t\t\t\t\t<\/div>\n\t\t<\/section>\n\t\t\t\t<\/div>\n\t\t","protected":false},"excerpt":{"rendered":"<p>FanFunding innove : bient\u00f4t une boutique officielle pour les clubs ! Home 08 D\u00e9c admin FanFunding accueille le L\u00e9opold Club d&rsquo;Uccle : Une nouvelle \u00e8re pour le financement participatif sportif FanFunding, la plateforme innovante permettant aux supporters de financer directement les matchs de leur \u00e9quipe En savoir plus 08 D\u00e9c admin FanFunding innove : bient\u00f4t [&hellip;]<\/p>\n","protected":false},"author":1,"featured_media":0,"parent":0,"menu_order":0,"comment_status":"closed","ping_status":"closed","template":"","meta":{"_jet_sm_ready_style":"","_jet_sm_style":"","_jet_sm_controls_values":"","_jet_sm_fonts_collection":"","_jet_sm_fonts_links":"","footnotes":""},"class_list":["post-6054","page","type-page","status-publish","hentry"],"mb":{"funden_disable_page_title":{"simple_value_formatted":"Yes","value_formatted":"1","value":"1","field":{"style":"rounded","on_label":"","off_label":"","autocomplete":false,"datalist":false,"readonly":false,"maxlength":false,"minlength":false,"pattern":false,"prepend":"","append":"","id":"funden_disable_page_title","name":"Remove Title of Page","type":"switch","label_description":"","multiple":false,"std":0,"desc":"","format":"","before":"","after":"","field_name":"funden_disable_page_title","placeholder":"","save_field":true,"clone":false,"min_clone":0,"max_clone":0,"sort_clone":false,"add_button":"+ Toevoegen","clone_default":false,"clone_as_multiple":false,"clone_empty_start":false,"class":"","disabled":false,"required":false,"autofocus":false,"attributes":[],"sanitize_callback":null,"storage":{},"column":"column-69e262ba06aec","label":"Remove Title of Page"}},"funden_no_breadcrumbs":{"simple_value_formatted":"No","value_formatted":"0","value":"0","field":{"style":"rounded","on_label":"","off_label":"","autocomplete":false,"datalist":false,"readonly":false,"maxlength":false,"minlength":false,"pattern":false,"prepend":"","append":"","id":"funden_no_breadcrumbs","name":"Disable Breadcrumbs","type":"switch","label_description":"","multiple":false,"std":0,"desc":"Disable the breadcrumbs from under the page title on this page.","format":"","before":"","after":"","field_name":"funden_no_breadcrumbs","placeholder":"","save_field":true,"clone":false,"min_clone":0,"max_clone":0,"sort_clone":false,"add_button":"+ Toevoegen","clone_default":false,"clone_as_multiple":false,"clone_empty_start":false,"class":"","disabled":false,"required":false,"autofocus":false,"attributes":[],"sanitize_callback":null,"storage":{},"column":"column-69e262ba06aee","label":"Disable Breadcrumbs"}},"funden_breadcrumb_layout":{"simple_value_formatted":"layout_options","value_formatted":"layout_options","value":"layout_options","field":{"select_all_none":false,"flatten":true,"options":{"layout_options":"Default Options in Layout Template","page_options":"Individuals Options This Page"},"id":"funden_breadcrumb_layout","name":"Breadcrumb Layout","type":"select","label_description":"","multiple":false,"std":"theme_options","desc":"You can use breadcrumb settings default in Layout Template or individuals this page","format":"","before":"","after":"","field_name":"funden_breadcrumb_layout","placeholder":"","save_field":true,"clone":false,"min_clone":0,"max_clone":0,"sort_clone":false,"add_button":"+ Toevoegen","clone_default":false,"clone_as_multiple":false,"clone_empty_start":false,"class":"","disabled":false,"required":false,"autofocus":false,"attributes":[],"sanitize_callback":null,"storage":{},"column":"column-69e262ba06aef","label":"Breadcrumb Layout"}},"funden_funden_breacrumb_bg_color":{"simple_value_formatted":"","value_formatted":"","value":"","field":{"autocomplete":false,"datalist":false,"readonly":false,"maxlength":false,"minlength":false,"pattern":false,"prepend":"","append":"","id":"funden_funden_breacrumb_bg_color","name":"Background Overlay Color","type":"color","label_description":"","multiple":false,"std":"","desc":"Set an overlay color for hero heading image.","format":"","before":"","after":"","field_name":"funden_funden_breacrumb_bg_color","placeholder":"","save_field":true,"clone":false,"min_clone":0,"max_clone":0,"sort_clone":false,"add_button":"+ Toevoegen","clone_default":false,"clone_as_multiple":false,"clone_empty_start":false,"class":"breadcrumb_setting","disabled":false,"required":false,"autofocus":false,"attributes":[],"sanitize_callback":null,"alpha_channel":false,"js_options":{"defaultColor":false,"hide":true,"palettes":true},"storage":{},"column":"column-69e262ba06af0","label":"Background Overlay Color"}},"funden_breacrumb_bg_opacity":{"simple_value_formatted":"","value_formatted":"","value":"","field":{"prefix":"","suffix":"","std":"50","js_options":{"range":"min","value":"50","min":0,"max":100,"step":1},"id":"funden_breacrumb_bg_opacity","name":"Overlay Opacity","type":"slider","label_description":"","multiple":false,"desc":"Set the opacity level of the overlay. This will lighten or darken the image depening on the color selected.","format":"","before":"","after":"","field_name":"funden_breacrumb_bg_opacity","placeholder":"","save_field":true,"clone":false,"min_clone":0,"max_clone":0,"sort_clone":false,"add_button":"+ Toevoegen","clone_default":false,"clone_as_multiple":false,"clone_empty_start":false,"class":"breadcrumb_setting","disabled":false,"required":false,"autofocus":false,"attributes":[],"sanitize_callback":null,"storage":{},"column":"column-69e262ba06af1","label":"Overlay Opacity"}},"funden_funden_breacrumb_image":{"simple_value_formatted":"","value_formatted":[],"value":[],"field":{"std":"","mime_type":"image","max_file_uploads":1,"force_delete":false,"max_status":true,"js_options":{"imageSize":"thumbnail","mimeType":"image","maxFiles":1,"forceDelete":false,"maxStatus":true,"addTo":"end"},"add_to":"end","upload_dir":"","unique_filename_callback":null,"id":"funden_funden_breacrumb_image","name":"Breadcrumb Background Image","type":"image_advanced","label_description":"","multiple":true,"desc":"","format":"","before":"","after":"","field_name":"funden_funden_breacrumb_image","placeholder":"","save_field":true,"clone":false,"min_clone":0,"max_clone":0,"sort_clone":false,"add_button":"+ Toevoegen","clone_default":false,"clone_as_multiple":false,"clone_empty_start":false,"class":"breadcrumb_setting","disabled":false,"required":false,"autofocus":false,"attributes":[],"sanitize_callback":null,"image_size":"thumbnail","input_name":"_file_funden_funden_breacrumb_image","index_name":"_index_funden_funden_breacrumb_image","storage":{},"column":"column-69e262ba06af2","label":"Breadcrumb Background Image"}}},"wpcf_dashboard":"<div class=\"woocommerce\"><div class=\"woocommerce-info\">Wil je eerst inloggen? <a class=\"wpneoShowLogin\" href=\"#\">Klik hier om in te loggen<\/a><\/div><div class=\"wpneo_login_form_div\" style=\"display: none;\"><form name=\"loginform\" id=\"loginform\" action=\"https:\/\/fanfunding.be\/nl\/monlogin\/\" method=\"post\"><p class=\"login-username\">\n\t\t\t\t<label for=\"user_login\">Gebruikersnaam of e-mailadres<\/label>\n\t\t\t\t<input type=\"text\" name=\"log\" id=\"user_login\" autocomplete=\"username\" class=\"input\" value=\"\" size=\"20\" \/>\n\t\t\t<\/p><p class=\"login-password\">\n\t\t\t\t<label for=\"user_pass\">Wachtwoord<\/label>\n\t\t\t\t<input type=\"password\" name=\"pwd\" id=\"user_pass\" autocomplete=\"current-password\" spellcheck=\"false\" class=\"input\" value=\"\" size=\"20\" \/>\n\t\t\t<\/p><p class=\"login-remember\"><label><input name=\"rememberme\" type=\"checkbox\" id=\"rememberme\" value=\"forever\" \/> Onthoud mij<\/label><\/p><p class=\"login-submit\">\n\t\t\t\t<input type=\"submit\" name=\"wp-submit\" id=\"wp-submit\" class=\"button button-primary\" value=\"Login\" \/>\n\t\t\t\t<input type=\"hidden\" name=\"redirect_to\" value=\"https:\/\/fanfunding.be\/nl\/wp-json\/wp\/v2\/pages\/6054\" \/>\n\t\t\t<\/p><\/form><\/div><\/div>","meta_box":{"funden_disable_page_title":"1","funden_no_breadcrumbs":"0","funden_breadcrumb_layout":"layout_options","funden_funden_breacrumb_bg_color":"","funden_breacrumb_bg_opacity":"","funden_funden_breacrumb_image":[]},"mfb_rest_fields":["title","wpcf_dashboard","gutenberg_elementor_mode"],"_links":{"self":[{"href":"https:\/\/fanfunding.be\/nl\/wp-json\/wp\/v2\/pages\/6054","targetHints":{"allow":["GET"]}}],"collection":[{"href":"https:\/\/fanfunding.be\/nl\/wp-json\/wp\/v2\/pages"}],"about":[{"href":"https:\/\/fanfunding.be\/nl\/wp-json\/wp\/v2\/types\/page"}],"author":[{"embeddable":true,"href":"https:\/\/fanfunding.be\/nl\/wp-json\/wp\/v2\/users\/1"}],"replies":[{"embeddable":true,"href":"https:\/\/fanfunding.be\/nl\/wp-json\/wp\/v2\/comments?post=6054"}],"version-history":[{"count":3,"href":"https:\/\/fanfunding.be\/nl\/wp-json\/wp\/v2\/pages\/6054\/revisions"}],"predecessor-version":[{"id":6244,"href":"https:\/\/fanfunding.be\/nl\/wp-json\/wp\/v2\/pages\/6054\/revisions\/6244"}],"wp:attachment":[{"href":"https:\/\/fanfunding.be\/nl\/wp-json\/wp\/v2\/media?parent=6054"}],"curies":[{"name":"wp","href":"https:\/\/api.w.org\/{rel}","templated":true}]}}